{"id":97,"date":"2025-11-20T14:50:35","date_gmt":"2025-11-20T14:50:35","guid":{"rendered":"http:\/\/www.etsletombecombustibles.fr\/?post_type=product&#038;p=97"},"modified":"2026-03-05T14:44:03","modified_gmt":"2026-03-05T14:44:03","slug":"sac-de-pellets-15kg-fagnes-pellets-100-resineux","status":"publish","type":"product","link":"http:\/\/www.etsletombecombustibles.fr\/index.php\/product\/sac-de-pellets-15kg-fagnes-pellets-100-resineux\/","title":{"rendered":"Sac de Pellets 15kg \u2013 Fagnes Pellets (100% R\u00e9sineux)"},"content":{"rendered":"<p data-path-to-node=\"4\">Profitez d&rsquo;une chaleur douce et constante avec les granul\u00e9s de bois <b>Fagnes Pellets<\/b>. Fabriqu\u00e9s \u00e0 partir de bois 100% r\u00e9sineux, ces pellets vous garantissent un <b>haut pouvoir calorifique<\/b> pour un rendement optimal de votre po\u00eale ou chaudi\u00e8re.<\/p>\n<p data-path-to-node=\"5\">Gr\u00e2ce \u00e0 leur faible taux d&rsquo;humidit\u00e9 et de poussi\u00e8re, ils assurent une combustion propre qui encrasse moins votre appareil. Un choix \u00e9conomique et \u00e9cologique pour un hiver confortable.<\/p>\n<ul data-path-to-node=\"6\">\n<li>\n<p data-path-to-node=\"6,0,0\"><b>Poids :<\/b> 15kg<\/p>\n<\/li>\n<li>\n<p data-path-to-node=\"6,1,0\"><b>Composition :<\/b> 100% bois r\u00e9sineux<\/p>\n<\/li>\n<li>\n<p data-path-to-node=\"6,2,0\"><b>Atout :<\/b> Faible taux de cendres et chaleur intense<\/p>\n<\/li>\n<\/ul>\n<p>DIN Plus<\/p>\n","protected":false},"excerpt":{"rendered":"<p>Sac de Pellets 15kg \u2013 Fagnes Pellets (100% R\u00e9sineux) DIN Plus<\/p>\n","protected":false},"featured_media":98,"comment_status":"open","ping_status":"closed","template":"","meta":[],"product_brand":[],"product_cat":[21,20],"product_tag":[23],"class_list":{"0":"post-97","1":"product","2":"type-product","3":"status-publish","4":"has-post-thumbnail","6":"product_cat-au-sac","7":"product_cat-granules","8":"product_tag-pellets","9":"product_shipping_class-retrait-en-magasin","11":"first","12":"instock","13":"purchasable","14":"product-type-simple"},"jetpack_sharing_enabled":true,"_links":{"self":[{"href":"http:\/\/www.etsletombecombustibles.fr\/index.php\/wp-json\/wp\/v2\/product\/97","targetHints":{"allow":["GET"]}}],"collection":[{"href":"http:\/\/www.etsletombecombustibles.fr\/index.php\/wp-json\/wp\/v2\/product"}],"about":[{"href":"http:\/\/www.etsletombecombustibles.fr\/index.php\/wp-json\/wp\/v2\/types\/product"}],"replies":[{"embeddable":true,"href":"http:\/\/www.etsletombecombustibles.fr\/index.php\/wp-json\/wp\/v2\/comments?post=97"}],"wp:featuredmedia":[{"embeddable":true,"href":"http:\/\/www.etsletombecombustibles.fr\/index.php\/wp-json\/wp\/v2\/media\/98"}],"wp:attachment":[{"href":"http:\/\/www.etsletombecombustibles.fr\/index.php\/wp-json\/wp\/v2\/media?parent=97"}],"wp:term":[{"taxonomy":"product_brand","embeddable":true,"href":"http:\/\/www.etsletombecombustibles.fr\/index.php\/wp-json\/wp\/v2\/product_brand?post=97"},{"taxonomy":"product_cat","embeddable":true,"href":"http:\/\/www.etsletombecombustibles.fr\/index.php\/wp-json\/wp\/v2\/product_cat?post=97"},{"taxonomy":"product_tag","embeddable":true,"href":"http:\/\/www.etsletombecombustibles.fr\/index.php\/wp-json\/wp\/v2\/product_tag?post=97"}],"curies":[{"name":"wp","href":"https:\/\/api.w.org\/{rel}","templated":true}]}}