{"id":237,"date":"2026-02-24T14:54:37","date_gmt":"2026-02-24T14:54:37","guid":{"rendered":"https:\/\/www.etsletombecombustibles.fr\/?post_type=product&#038;p=237"},"modified":"2026-03-24T10:04:36","modified_gmt":"2026-03-24T10:04:36","slug":"ballot-de-bois-etuve-30-cm-2m3","status":"publish","type":"product","link":"http:\/\/www.etsletombecombustibles.fr\/index.php\/product\/ballot-de-bois-etuve-30-cm-2m3\/","title":{"rendered":"Ballot de bois \u00e9tuv\u00e9 30 cm 2m3"},"content":{"rendered":"<p>Ballot de bois \u00e9tuv\u00e9 30 cm 2m3<\/p>\n<p>Ultra sec pr\u00eat \u00e0 l&#8217;emploi , 100 % Bois dur majoritairement :<\/p>\n<p>h\u00eatre, fr\u00eane et charme.<\/p>\n<p>&nbsp;<\/p>\n","protected":false},"excerpt":{"rendered":"<p>Ballot de bois \u00e9tuv\u00e9 30 cm 2m3 Ultra sec pr\u00eat \u00e0 l&#8217;emploi , 100 % Bois dur majoritairement : h\u00eatre, fr\u00eane et charme. &nbsp;<\/p>\n","protected":false},"featured_media":248,"comment_status":"open","ping_status":"closed","template":"","meta":[],"product_brand":[],"product_cat":[24],"product_tag":[],"class_list":{"0":"post-237","1":"product","2":"type-product","3":"status-publish","4":"has-post-thumbnail","6":"product_cat-bois","8":"first","9":"instock","10":"purchasable","11":"product-type-simple"},"jetpack_sharing_enabled":true,"_links":{"self":[{"href":"http:\/\/www.etsletombecombustibles.fr\/index.php\/wp-json\/wp\/v2\/product\/237","targetHints":{"allow":["GET"]}}],"collection":[{"href":"http:\/\/www.etsletombecombustibles.fr\/index.php\/wp-json\/wp\/v2\/product"}],"about":[{"href":"http:\/\/www.etsletombecombustibles.fr\/index.php\/wp-json\/wp\/v2\/types\/product"}],"replies":[{"embeddable":true,"href":"http:\/\/www.etsletombecombustibles.fr\/index.php\/wp-json\/wp\/v2\/comments?post=237"}],"wp:featuredmedia":[{"embeddable":true,"href":"http:\/\/www.etsletombecombustibles.fr\/index.php\/wp-json\/wp\/v2\/media\/248"}],"wp:attachment":[{"href":"http:\/\/www.etsletombecombustibles.fr\/index.php\/wp-json\/wp\/v2\/media?parent=237"}],"wp:term":[{"taxonomy":"product_brand","embeddable":true,"href":"http:\/\/www.etsletombecombustibles.fr\/index.php\/wp-json\/wp\/v2\/product_brand?post=237"},{"taxonomy":"product_cat","embeddable":true,"href":"http:\/\/www.etsletombecombustibles.fr\/index.php\/wp-json\/wp\/v2\/product_cat?post=237"},{"taxonomy":"product_tag","embeddable":true,"href":"http:\/\/www.etsletombecombustibles.fr\/index.php\/wp-json\/wp\/v2\/product_tag?post=237"}],"curies":[{"name":"wp","href":"https:\/\/api.w.org\/{rel}","templated":true}]}}