{"id":236,"date":"2026-02-24T14:35:16","date_gmt":"2026-02-24T14:35:16","guid":{"rendered":"https:\/\/www.etsletombecombustibles.fr\/?post_type=product&#038;p=236"},"modified":"2026-03-24T10:06:36","modified_gmt":"2026-03-24T10:06:36","slug":"buchettes-de-bois-pour-allumage-40-litres-lots-de-2-filets","status":"publish","type":"product","link":"http:\/\/www.etsletombecombustibles.fr\/index.php\/product\/buchettes-de-bois-pour-allumage-40-litres-lots-de-2-filets\/","title":{"rendered":"Buchettes de bois pour allumage 40 litres (Lots de 2 filets)"},"content":{"rendered":"<p>Buchettes de bois pr\u00eates \u00e0 l&#8217;emploi.<\/p>\n<p>100 % bois tendre \u00e0 allumage facile , 40 litres \u00e0 l&rsquo;ensachage.<\/p>\n<p>Lots de deux filets de 40 litres.<\/p>\n","protected":false},"excerpt":{"rendered":"<p>Buchettes de bois pr\u00eates \u00e0 l&#8217;emploi. 100 % bois tendre \u00e0 allumage facile , 40 litres \u00e0 l&rsquo;ensachage. Lots de deux filets de 40 litres.<\/p>\n","protected":false},"featured_media":247,"comment_status":"open","ping_status":"closed","template":"","meta":[],"product_brand":[],"product_cat":[24,25],"product_tag":[],"class_list":{"0":"post-236","1":"product","2":"type-product","3":"status-publish","4":"has-post-thumbnail","6":"product_cat-bois","7":"product_cat-en-filet","9":"first","10":"instock","11":"purchasable","12":"product-type-simple"},"jetpack_sharing_enabled":true,"_links":{"self":[{"href":"http:\/\/www.etsletombecombustibles.fr\/index.php\/wp-json\/wp\/v2\/product\/236","targetHints":{"allow":["GET"]}}],"collection":[{"href":"http:\/\/www.etsletombecombustibles.fr\/index.php\/wp-json\/wp\/v2\/product"}],"about":[{"href":"http:\/\/www.etsletombecombustibles.fr\/index.php\/wp-json\/wp\/v2\/types\/product"}],"replies":[{"embeddable":true,"href":"http:\/\/www.etsletombecombustibles.fr\/index.php\/wp-json\/wp\/v2\/comments?post=236"}],"wp:featuredmedia":[{"embeddable":true,"href":"http:\/\/www.etsletombecombustibles.fr\/index.php\/wp-json\/wp\/v2\/media\/247"}],"wp:attachment":[{"href":"http:\/\/www.etsletombecombustibles.fr\/index.php\/wp-json\/wp\/v2\/media?parent=236"}],"wp:term":[{"taxonomy":"product_brand","embeddable":true,"href":"http:\/\/www.etsletombecombustibles.fr\/index.php\/wp-json\/wp\/v2\/product_brand?post=236"},{"taxonomy":"product_cat","embeddable":true,"href":"http:\/\/www.etsletombecombustibles.fr\/index.php\/wp-json\/wp\/v2\/product_cat?post=236"},{"taxonomy":"product_tag","embeddable":true,"href":"http:\/\/www.etsletombecombustibles.fr\/index.php\/wp-json\/wp\/v2\/product_tag?post=236"}],"curies":[{"name":"wp","href":"https:\/\/api.w.org\/{rel}","templated":true}]}}