{"id":235,"date":"2026-02-24T09:19:17","date_gmt":"2026-02-24T09:19:17","guid":{"rendered":"https:\/\/www.etsletombecombustibles.fr\/?post_type=product&#038;p=235"},"modified":"2026-03-24T10:04:03","modified_gmt":"2026-03-24T10:04:03","slug":"buchettes-de-bois-pour-allumage-40-litres-filet","status":"publish","type":"product","link":"http:\/\/www.etsletombecombustibles.fr\/index.php\/product\/buchettes-de-bois-pour-allumage-40-litres-filet\/","title":{"rendered":"Buchettes de bois pour allumage 40 litres (Filet)"},"content":{"rendered":"<p>Filet de b\u00fbchettes de bois, pr\u00eatres \u00e0 l &#8217;emploi.<\/p>\n<p>100 % bois tendre \u00e0 allumage facile<\/p>\n<p>40 litres \u00e0 l&rsquo;ensachage<\/p>\n","protected":false},"excerpt":{"rendered":"<p>Filet de b\u00fbchettes de bois, pr\u00eatres \u00e0 l &#8217;emploi. 100 % bois tendre \u00e0 allumage facile 40 litres \u00e0 l&rsquo;ensachage<\/p>\n","protected":false},"featured_media":247,"comment_status":"open","ping_status":"closed","template":"","meta":[],"product_brand":[],"product_cat":[24],"product_tag":[],"class_list":{"0":"post-235","1":"product","2":"type-product","3":"status-publish","4":"has-post-thumbnail","6":"product_cat-bois","8":"first","9":"instock","10":"purchasable","11":"product-type-simple"},"jetpack_sharing_enabled":true,"_links":{"self":[{"href":"http:\/\/www.etsletombecombustibles.fr\/index.php\/wp-json\/wp\/v2\/product\/235","targetHints":{"allow":["GET"]}}],"collection":[{"href":"http:\/\/www.etsletombecombustibles.fr\/index.php\/wp-json\/wp\/v2\/product"}],"about":[{"href":"http:\/\/www.etsletombecombustibles.fr\/index.php\/wp-json\/wp\/v2\/types\/product"}],"replies":[{"embeddable":true,"href":"http:\/\/www.etsletombecombustibles.fr\/index.php\/wp-json\/wp\/v2\/comments?post=235"}],"wp:featuredmedia":[{"embeddable":true,"href":"http:\/\/www.etsletombecombustibles.fr\/index.php\/wp-json\/wp\/v2\/media\/247"}],"wp:attachment":[{"href":"http:\/\/www.etsletombecombustibles.fr\/index.php\/wp-json\/wp\/v2\/media?parent=235"}],"wp:term":[{"taxonomy":"product_brand","embeddable":true,"href":"http:\/\/www.etsletombecombustibles.fr\/index.php\/wp-json\/wp\/v2\/product_brand?post=235"},{"taxonomy":"product_cat","embeddable":true,"href":"http:\/\/www.etsletombecombustibles.fr\/index.php\/wp-json\/wp\/v2\/product_cat?post=235"},{"taxonomy":"product_tag","embeddable":true,"href":"http:\/\/www.etsletombecombustibles.fr\/index.php\/wp-json\/wp\/v2\/product_tag?post=235"}],"curies":[{"name":"wp","href":"https:\/\/api.w.org\/{rel}","templated":true}]}}