{"id":120,"date":"2025-11-20T16:12:30","date_gmt":"2025-11-20T16:12:30","guid":{"rendered":"http:\/\/www.etsletombecombustibles.fr\/?post_type=product&#038;p=120"},"modified":"2026-01-20T16:50:43","modified_gmt":"2026-01-20T16:50:43","slug":"buches-de-bois-de-chauffage-chaufobois-30-cm-filet","status":"publish","type":"product","link":"http:\/\/www.etsletombecombustibles.fr\/index.php\/product\/buches-de-bois-de-chauffage-chaufobois-30-cm-filet\/","title":{"rendered":"B\u00fbches de bois de chauffage Chauf&rsquo;o&rsquo;bois &#8211; 30 cm (Filet)"},"content":{"rendered":"<p data-path-to-node=\"3\"><b>B\u00fbches de bois de chauffage Chauf&rsquo;o&rsquo;bois &#8211; 30 cm (Filet)<\/b><\/p>\n<p data-path-to-node=\"4\">Profitez d&rsquo;un <b>chauffage optimal<\/b> et sans effort ! Nos b\u00fbches de bois dur Chauf&rsquo;o&rsquo;bois sont coup\u00e9es \u00e0 <b>30 cm<\/b>, id\u00e9ales pour tous types d&rsquo;appareils (chemin\u00e9es, po\u00eales, inserts). Conditionn\u00e9es en filet pratique pour un transport et un stockage faciles.<\/p>\n<p data-path-to-node=\"5\">\ud83d\udd25 <b>Gage de qualit\u00e9 :<\/b> Produit certifi\u00e9 <b>NF Bois de chauffage<\/b>, garantissant un taux d&rsquo;humidit\u00e9 bas et une performance \u00e9nerg\u00e9tique maximale.<\/p>\n","protected":false},"excerpt":{"rendered":"<p><b>B\u00fbches de bois de chauffage Chauf&rsquo;o&rsquo;bois &#8211; 30 cm (Filet)<\/b><\/p>\n","protected":false},"featured_media":123,"comment_status":"open","ping_status":"closed","template":"","meta":[],"product_brand":[],"product_cat":[24,25],"product_tag":[36],"class_list":{"0":"post-120","1":"product","2":"type-product","3":"status-publish","4":"has-post-thumbnail","6":"product_cat-bois","7":"product_cat-en-filet","8":"product_tag-bois","9":"product_shipping_class-retrait-en-magasin","11":"first","12":"instock","13":"purchasable","14":"product-type-simple"},"jetpack_sharing_enabled":true,"_links":{"self":[{"href":"http:\/\/www.etsletombecombustibles.fr\/index.php\/wp-json\/wp\/v2\/product\/120","targetHints":{"allow":["GET"]}}],"collection":[{"href":"http:\/\/www.etsletombecombustibles.fr\/index.php\/wp-json\/wp\/v2\/product"}],"about":[{"href":"http:\/\/www.etsletombecombustibles.fr\/index.php\/wp-json\/wp\/v2\/types\/product"}],"replies":[{"embeddable":true,"href":"http:\/\/www.etsletombecombustibles.fr\/index.php\/wp-json\/wp\/v2\/comments?post=120"}],"wp:featuredmedia":[{"embeddable":true,"href":"http:\/\/www.etsletombecombustibles.fr\/index.php\/wp-json\/wp\/v2\/media\/123"}],"wp:attachment":[{"href":"http:\/\/www.etsletombecombustibles.fr\/index.php\/wp-json\/wp\/v2\/media?parent=120"}],"wp:term":[{"taxonomy":"product_brand","embeddable":true,"href":"http:\/\/www.etsletombecombustibles.fr\/index.php\/wp-json\/wp\/v2\/product_brand?post=120"},{"taxonomy":"product_cat","embeddable":true,"href":"http:\/\/www.etsletombecombustibles.fr\/index.php\/wp-json\/wp\/v2\/product_cat?post=120"},{"taxonomy":"product_tag","embeddable":true,"href":"http:\/\/www.etsletombecombustibles.fr\/index.php\/wp-json\/wp\/v2\/product_tag?post=120"}],"curies":[{"name":"wp","href":"https:\/\/api.w.org\/{rel}","templated":true}]}}