{"id":118,"date":"2025-11-20T16:02:09","date_gmt":"2025-11-20T16:02:09","guid":{"rendered":"http:\/\/www.etsletombecombustibles.fr\/?post_type=product&#038;p=118"},"modified":"2026-01-20T16:50:43","modified_gmt":"2026-01-20T16:50:43","slug":"briquettes-de-lignite-rekord-lot-de-4","status":"publish","type":"product","link":"http:\/\/www.etsletombecombustibles.fr\/index.php\/product\/briquettes-de-lignite-rekord-lot-de-4\/","title":{"rendered":"Briquettes de lignite &#8211; REKORD &#8211; (lot de 4)"},"content":{"rendered":"<p data-path-to-node=\"4\"><b>Chaleur Durable et Puissante pour Votre Foyer.<\/b><\/p>\n<p data-path-to-node=\"5\">Les <b>briquettes de lignite REKORD<\/b> sont la solution id\u00e9ale pour prolonger la chaleur de votre po\u00eale, chemin\u00e9e ou chaudi\u00e8re. R\u00e9put\u00e9es pour leur <b>tr\u00e8s longue dur\u00e9e de combustion<\/b> et leur <b>haut pouvoir calorifique<\/b>, elles assurent un confort thermique constant et \u00e9conomique. Faciles \u00e0 stocker et pr\u00eates \u00e0 l&#8217;emploi.<\/p>\n<ul data-path-to-node=\"6\">\n<li>\n<p data-path-to-node=\"6,0,0\"><b>Format :<\/b> Lot de 4 paquets de briquettes REKORD.<\/p>\n<\/li>\n<li>\n<p data-path-to-node=\"6,1,0\"><b>Utilisation :<\/b> Bois, charbon, et po\u00eales multi-combustibles.<\/p>\n<\/li>\n<li>\n<p data-path-to-node=\"6,2,0\"><b>Avantage cl\u00e9 :<\/b> Maintien des braises pendant des heures.<\/p>\n<\/li>\n<\/ul>\n","protected":false},"excerpt":{"rendered":"<p>Briquettes de lignite &#8211; REKORD &#8211; (lot de 4)<\/p>\n","protected":false},"featured_media":122,"comment_status":"open","ping_status":"closed","template":"","meta":[],"product_brand":[],"product_cat":[33],"product_tag":[],"class_list":{"0":"post-118","1":"product","2":"type-product","3":"status-publish","4":"has-post-thumbnail","6":"product_cat-charbon","7":"product_shipping_class-retrait-en-magasin","9":"first","10":"instock","11":"purchasable","12":"product-type-simple"},"jetpack_sharing_enabled":true,"_links":{"self":[{"href":"http:\/\/www.etsletombecombustibles.fr\/index.php\/wp-json\/wp\/v2\/product\/118","targetHints":{"allow":["GET"]}}],"collection":[{"href":"http:\/\/www.etsletombecombustibles.fr\/index.php\/wp-json\/wp\/v2\/product"}],"about":[{"href":"http:\/\/www.etsletombecombustibles.fr\/index.php\/wp-json\/wp\/v2\/types\/product"}],"replies":[{"embeddable":true,"href":"http:\/\/www.etsletombecombustibles.fr\/index.php\/wp-json\/wp\/v2\/comments?post=118"}],"wp:featuredmedia":[{"embeddable":true,"href":"http:\/\/www.etsletombecombustibles.fr\/index.php\/wp-json\/wp\/v2\/media\/122"}],"wp:attachment":[{"href":"http:\/\/www.etsletombecombustibles.fr\/index.php\/wp-json\/wp\/v2\/media?parent=118"}],"wp:term":[{"taxonomy":"product_brand","embeddable":true,"href":"http:\/\/www.etsletombecombustibles.fr\/index.php\/wp-json\/wp\/v2\/product_brand?post=118"},{"taxonomy":"product_cat","embeddable":true,"href":"http:\/\/www.etsletombecombustibles.fr\/index.php\/wp-json\/wp\/v2\/product_cat?post=118"},{"taxonomy":"product_tag","embeddable":true,"href":"http:\/\/www.etsletombecombustibles.fr\/index.php\/wp-json\/wp\/v2\/product_tag?post=118"}],"curies":[{"name":"wp","href":"https:\/\/api.w.org\/{rel}","templated":true}]}}