{"id":110,"date":"2025-11-20T15:50:37","date_gmt":"2025-11-20T15:50:37","guid":{"rendered":"http:\/\/www.etsletombecombustibles.fr\/?post_type=product&#038;p=110"},"modified":"2026-01-20T16:50:44","modified_gmt":"2026-01-20T16:50:44","slug":"4-briques-forestieres-planete-terre-le-pack","status":"publish","type":"product","link":"http:\/\/www.etsletombecombustibles.fr\/index.php\/product\/4-briques-forestieres-planete-terre-le-pack\/","title":{"rendered":"4 Briques foresti\u00e8res &#8211; Plan\u00e8te Terre &#8211; le pack"},"content":{"rendered":"<p data-path-to-node=\"2\"><b>Sac de 4 Briques Foresti\u00e8res \u2013 Plan\u00e8te Terre<\/b><\/p>\n<p data-path-to-node=\"3\">Optez pour une chaleur performante et \u00e9cologique avec ce pack de 4 briques foresti\u00e8res de la marque <b>Plan\u00e8te Terre<\/b>. Fabriqu\u00e9es \u00e0 partir de sciures de bois 100% naturelles et compress\u00e9es sans additifs, ces b\u00fbches offrent un <b>pouvoir calorifique sup\u00e9rieur<\/b> au bois traditionnel.<\/p>\n<ul data-path-to-node=\"4\">\n<li>\n<p data-path-to-node=\"4,0,0\"><b>Compatible :<\/b> Po\u00eales, inserts, chemin\u00e9es et chaudi\u00e8res \u00e0 bois.<\/p>\n<\/li>\n<li>\n<p data-path-to-node=\"4,1,0\"><b>Avantages :<\/b> Allumage facile, peu de cendres et stockage propre.<\/p>\n<\/li>\n<\/ul>\n","protected":false},"excerpt":{"rendered":"<p>4 Briques foresti\u00e8res &#8211; Plan\u00e8te Terre<\/p>\n","protected":false},"featured_media":111,"comment_status":"open","ping_status":"closed","template":"","meta":[],"product_brand":[],"product_cat":[24,32],"product_tag":[36],"class_list":{"0":"post-110","1":"product","2":"type-product","3":"status-publish","4":"has-post-thumbnail","6":"product_cat-bois","7":"product_cat-briques","8":"product_tag-bois","9":"product_shipping_class-retrait-en-magasin","11":"first","12":"instock","13":"purchasable","14":"product-type-simple"},"jetpack_sharing_enabled":true,"_links":{"self":[{"href":"http:\/\/www.etsletombecombustibles.fr\/index.php\/wp-json\/wp\/v2\/product\/110","targetHints":{"allow":["GET"]}}],"collection":[{"href":"http:\/\/www.etsletombecombustibles.fr\/index.php\/wp-json\/wp\/v2\/product"}],"about":[{"href":"http:\/\/www.etsletombecombustibles.fr\/index.php\/wp-json\/wp\/v2\/types\/product"}],"replies":[{"embeddable":true,"href":"http:\/\/www.etsletombecombustibles.fr\/index.php\/wp-json\/wp\/v2\/comments?post=110"}],"wp:featuredmedia":[{"embeddable":true,"href":"http:\/\/www.etsletombecombustibles.fr\/index.php\/wp-json\/wp\/v2\/media\/111"}],"wp:attachment":[{"href":"http:\/\/www.etsletombecombustibles.fr\/index.php\/wp-json\/wp\/v2\/media?parent=110"}],"wp:term":[{"taxonomy":"product_brand","embeddable":true,"href":"http:\/\/www.etsletombecombustibles.fr\/index.php\/wp-json\/wp\/v2\/product_brand?post=110"},{"taxonomy":"product_cat","embeddable":true,"href":"http:\/\/www.etsletombecombustibles.fr\/index.php\/wp-json\/wp\/v2\/product_cat?post=110"},{"taxonomy":"product_tag","embeddable":true,"href":"http:\/\/www.etsletombecombustibles.fr\/index.php\/wp-json\/wp\/v2\/product_tag?post=110"}],"curies":[{"name":"wp","href":"https:\/\/api.w.org\/{rel}","templated":true}]}}