{"id":108,"date":"2025-11-20T15:44:29","date_gmt":"2025-11-20T15:44:29","guid":{"rendered":"http:\/\/www.etsletombecombustibles.fr\/?post_type=product&#038;p=108"},"modified":"2026-04-07T07:25:17","modified_gmt":"2026-04-07T07:25:17","slug":"palette-de-65-sacs-fagnes-pellets-15kg-fagnes-pellets-en-livraison-59-62","status":"publish","type":"product","link":"http:\/\/www.etsletombecombustibles.fr\/index.php\/product\/palette-de-65-sacs-fagnes-pellets-15kg-fagnes-pellets-en-livraison-59-62\/","title":{"rendered":"Palette de 65 Sacs Fagnes Pellets (15kg) \u2013 Fagnes Pellets &#8211; en livraison (59-62)"},"content":{"rendered":"<p data-path-to-node=\"8\">Optez pour le rendement optimal avec les granul\u00e9s <b>Fagnes Pellets<\/b>.<\/p>\n<ul data-path-to-node=\"9\">\n<li>\n<p data-path-to-node=\"9,0,0\"><b>Conditionnement :<\/b> Palette compl\u00e8te de 65 sacs.<\/p>\n<\/li>\n<li>\n<p data-path-to-node=\"9,1,0\"><b>Poids unitaire :<\/b> 15 kg (Total : 975 kg).<\/p>\n<\/li>\n<li>\n<p data-path-to-node=\"9,2,0\"><b>Composition :<\/b> 100% bois r\u00e9sineux (sans additifs).<\/p>\n<\/li>\n<li>\n<p data-path-to-node=\"9,3,0\"><b>Avantages :<\/b> Fort pouvoir calorifique, faible taux de cendres et certification de qualit\u00e9. L&rsquo;assurance d&rsquo;une combustion parfaite pour po\u00eales et chaudi\u00e8res \u00e0 granul\u00e9s.<\/p>\n<p>DIN Plus<\/li>\n<\/ul>\n","protected":false},"excerpt":{"rendered":"<p>Palette de 65 Sacs Fagnes Pellets (15kg) \u2013 Fagnes Pellets Din plus<\/p>\n","protected":false},"featured_media":105,"comment_status":"open","ping_status":"closed","template":"","meta":[],"product_brand":[],"product_cat":[22,20],"product_tag":[],"class_list":{"0":"post-108","1":"product","2":"type-product","3":"status-publish","4":"has-post-thumbnail","6":"product_cat-a-la-palette","7":"product_cat-granules","8":"product_shipping_class-nord-pas-de-calais","10":"first","11":"instock","12":"featured","13":"purchasable","14":"product-type-simple"},"jetpack_sharing_enabled":true,"_links":{"self":[{"href":"http:\/\/www.etsletombecombustibles.fr\/index.php\/wp-json\/wp\/v2\/product\/108","targetHints":{"allow":["GET"]}}],"collection":[{"href":"http:\/\/www.etsletombecombustibles.fr\/index.php\/wp-json\/wp\/v2\/product"}],"about":[{"href":"http:\/\/www.etsletombecombustibles.fr\/index.php\/wp-json\/wp\/v2\/types\/product"}],"replies":[{"embeddable":true,"href":"http:\/\/www.etsletombecombustibles.fr\/index.php\/wp-json\/wp\/v2\/comments?post=108"}],"wp:featuredmedia":[{"embeddable":true,"href":"http:\/\/www.etsletombecombustibles.fr\/index.php\/wp-json\/wp\/v2\/media\/105"}],"wp:attachment":[{"href":"http:\/\/www.etsletombecombustibles.fr\/index.php\/wp-json\/wp\/v2\/media?parent=108"}],"wp:term":[{"taxonomy":"product_brand","embeddable":true,"href":"http:\/\/www.etsletombecombustibles.fr\/index.php\/wp-json\/wp\/v2\/product_brand?post=108"},{"taxonomy":"product_cat","embeddable":true,"href":"http:\/\/www.etsletombecombustibles.fr\/index.php\/wp-json\/wp\/v2\/product_cat?post=108"},{"taxonomy":"product_tag","embeddable":true,"href":"http:\/\/www.etsletombecombustibles.fr\/index.php\/wp-json\/wp\/v2\/product_tag?post=108"}],"curies":[{"name":"wp","href":"https:\/\/api.w.org\/{rel}","templated":true}]}}