{"id":103,"date":"2025-11-20T15:28:13","date_gmt":"2025-11-20T15:28:13","guid":{"rendered":"http:\/\/www.etsletombecombustibles.fr\/?post_type=product&#038;p=103"},"modified":"2026-01-31T17:39:44","modified_gmt":"2026-01-31T17:39:44","slug":"sac-de-pellets-15kg-wood-pellets-100-resineux","status":"publish","type":"product","link":"http:\/\/www.etsletombecombustibles.fr\/index.php\/product\/sac-de-pellets-15kg-wood-pellets-100-resineux\/","title":{"rendered":"Sac de Pellets 15kg \u2013 FOREST PELLETS (100% R\u00e9sineux)"},"content":{"rendered":"<p><b>Wood Pellets \u2013 La chaleur haute performance en sac de 15kg<\/b><br \/>\nOptimisez le rendement de votre po\u00eale avec les granul\u00e9s de bois <b>FOREST Pellets<\/b>.<br \/>\nCe sac de 15kg vous garantit une combustion longue dur\u00e9e et une chaleur constante gr\u00e2ce \u00e0 un taux d\u2019humidit\u00e9 tr\u00e8s faible. Fabriqu\u00e9s \u00e0 partir de bois 100% naturel, ces pellets assurent un encrassement minimal de votre installation. L&rsquo;alli\u00e9 id\u00e9al pour un hiver confortable et \u00e9conomique.<br \/>\nDIN Plus<\/p>\n","protected":false},"excerpt":{"rendered":"<p><b>Wood Pellets \u2013 La chaleur haute performance en sac de 15kg<\/b>\u00a0 DIN plus<\/p>\n","protected":false},"featured_media":141,"comment_status":"open","ping_status":"closed","template":"","meta":[],"product_brand":[],"product_cat":[21,20],"product_tag":[23],"class_list":{"0":"post-103","1":"product","2":"type-product","3":"status-publish","4":"has-post-thumbnail","6":"product_cat-au-sac","7":"product_cat-granules","8":"product_tag-pellets","9":"product_shipping_class-retrait-en-magasin","11":"first","12":"outofstock","13":"purchasable","14":"product-type-simple"},"jetpack_sharing_enabled":true,"_links":{"self":[{"href":"http:\/\/www.etsletombecombustibles.fr\/index.php\/wp-json\/wp\/v2\/product\/103","targetHints":{"allow":["GET"]}}],"collection":[{"href":"http:\/\/www.etsletombecombustibles.fr\/index.php\/wp-json\/wp\/v2\/product"}],"about":[{"href":"http:\/\/www.etsletombecombustibles.fr\/index.php\/wp-json\/wp\/v2\/types\/product"}],"replies":[{"embeddable":true,"href":"http:\/\/www.etsletombecombustibles.fr\/index.php\/wp-json\/wp\/v2\/comments?post=103"}],"wp:featuredmedia":[{"embeddable":true,"href":"http:\/\/www.etsletombecombustibles.fr\/index.php\/wp-json\/wp\/v2\/media\/141"}],"wp:attachment":[{"href":"http:\/\/www.etsletombecombustibles.fr\/index.php\/wp-json\/wp\/v2\/media?parent=103"}],"wp:term":[{"taxonomy":"product_brand","embeddable":true,"href":"http:\/\/www.etsletombecombustibles.fr\/index.php\/wp-json\/wp\/v2\/product_brand?post=103"},{"taxonomy":"product_cat","embeddable":true,"href":"http:\/\/www.etsletombecombustibles.fr\/index.php\/wp-json\/wp\/v2\/product_cat?post=103"},{"taxonomy":"product_tag","embeddable":true,"href":"http:\/\/www.etsletombecombustibles.fr\/index.php\/wp-json\/wp\/v2\/product_tag?post=103"}],"curies":[{"name":"wp","href":"https:\/\/api.w.org\/{rel}","templated":true}]}}